{"id":248,"date":"2025-06-07T15:07:19","date_gmt":"2025-06-07T15:07:19","guid":{"rendered":"https:\/\/vincovoyages.com\/?page_id=248"},"modified":"2025-06-07T21:06:08","modified_gmt":"2025-06-07T21:06:08","slug":"mentions-legales","status":"publish","type":"page","link":"https:\/\/vincovoyages.com\/en\/mentions-legales\/","title":{"rendered":"Terms of use"},"content":{"rendered":"<div data-elementor-type=\"wp-page\" data-elementor-id=\"248\" class=\"elementor elementor-248\" data-elementor-post-type=\"page\">\n\t\t\t\t<div class=\"elementor-element elementor-element-3bed5ca e-flex e-con-boxed e-con e-parent\" data-id=\"3bed5ca\" data-element_type=\"container\">\n\t\t\t\t\t<div class=\"e-con-inner\">\n\t\t\t\t<div class=\"elementor-element elementor-element-e5f4155 elementor-widget elementor-widget-text-editor\" data-id=\"e5f4155\" data-element_type=\"widget\" data-widget_type=\"text-editor.default\">\n\t\t\t\t<div class=\"elementor-widget-container\">\n\t\t\t\t\t\t\t\t\t<h6 class=\"p1\"><span class=\"s1\"><b>Site name<\/b><\/span> : www.vincovoyage.com<\/h6><h6 class=\"p1\"><span class=\"s1\"><b>Company name<\/b><\/span> : VINCO VOYAGES<\/h6><h6 class=\"p1\"><span class=\"s1\"><b>Legal form<\/b><\/span> Soci\u00e9t\u00e9 par actions simplifi\u00e9e (SAS)<\/h6><h6 class=\"p1\"><span class=\"s1\"><b>SIREN<\/b><\/span> : 982 441 453<\/h6><h6 class=\"p2\"><b>Intracommunity VAT<\/b><span class=\"s2\"> FR32982441453<\/span><\/h6><h6 class=\"p1\"><span class=\"s1\"><b>Head office<\/b><\/span> M08, 1 All\u00e9e Jean Louis Th\u00e9bault, 77600 Bussy-Saint-Georges, France<\/h6><h6 class=\"p2\"><b>Share capital<\/b><span class=\"s2\"> : 10 000 \u20ac<\/span><\/h6><h6 class=\"p1\"><span class=\"s1\"><b>Main activity (NAF code)<\/b><\/span> 4939B - Other passenger road transport<\/h6><h6 class=\"p2\"><b>Date of registration<\/b><span class=\"s2\"> : 17\/11\/2023<\/span><\/h6><h6 class=\"p1\"><span class=\"s1\"><b>RCS<\/b><\/span> Meaux<\/h6><h6 class=\"p2\"><b>Publishing Director<\/b><span class=\"s2\"> Mr Defeng XU<\/span><\/h6><h6 class=\"p1\"><span class=\"s1\"><b>Email<\/b><\/span> : vincovoyages@gmail.com<\/h6><h6 class=\"p2\"><b>Site host<\/b><span class=\"s2\"> :<\/span><\/h6><h6 class=\"p1\">Hostinger International Ltd<\/h6><h6 class=\"p1\">Website : <a href=\"https:\/\/www.hostinger.fr\">https:\/\/www.hostinger.fr<\/a><\/h6>\t\t\t\t\t\t\t\t<\/div>\n\t\t\t\t<\/div>\n\t\t\t\t\t<\/div>\n\t\t\t\t<\/div>\n\t\t\t\t<\/div>","protected":false},"excerpt":{"rendered":"<p>Nom du site : www.vincovoyage.com Raison sociale : VINCO VOYAGES Forme juridique : Soci\u00e9t\u00e9 par actions simplifi\u00e9e (SAS) SIREN : [&hellip;]<\/p>","protected":false},"author":1,"featured_media":0,"parent":0,"menu_order":0,"comment_status":"closed","ping_status":"closed","template":"","meta":{"site-sidebar-layout":"no-sidebar","site-content-layout":"","ast-site-content-layout":"full-width-container","site-content-style":"default","site-sidebar-style":"default","ast-global-header-display":"","ast-banner-title-visibility":"","ast-main-header-display":"","ast-hfb-above-header-display":"","ast-hfb-below-header-display":"","ast-hfb-mobile-header-display":"","site-post-title":"disabled","ast-breadcrumbs-content":"","ast-featured-img":"disabled","footer-sml-layout":"","theme-transparent-header-meta":"","adv-header-id-meta":"","stick-header-meta":"","header-above-stick-meta":"","header-main-stick-meta":"","header-below-stick-meta":"","astra-migrate-meta-layouts":"default","ast-page-background-enabled":"default","ast-page-background-meta":{"desktop":{"background-color":"var(--ast-global-color-5)","background-image":"","background-repeat":"repeat","background-position":"center center","background-size":"auto","background-attachment":"scroll","background-type":"","background-media":"","overlay-type":"","overlay-color":"","overlay-opacity":"","overlay-gradient":""},"tablet":{"background-color":"","background-image":"","background-repeat":"repeat","background-position":"center center","background-size":"auto","background-attachment":"scroll","background-type":"","background-media":"","overlay-type":"","overlay-color":"","overlay-opacity":"","overlay-gradient":""},"mobile":{"background-color":"","background-image":"","background-repeat":"repeat","background-position":"center center","background-size":"auto","background-attachment":"scroll","background-type":"","background-media":"","overlay-type":"","overlay-color":"","overlay-opacity":"","overlay-gradient":""}},"ast-content-background-meta":{"desktop":{"background-color":"var(--ast-global-color-4)","background-image":"","background-repeat":"repeat","background-position":"center center","background-size":"auto","background-attachment":"scroll","background-type":"","background-media":"","overlay-type":"","overlay-color":"","overlay-opacity":"","overlay-gradient":""},"tablet":{"background-color":"var(--ast-global-color-4)","background-image":"","background-repeat":"repeat","background-position":"center center","background-size":"auto","background-attachment":"scroll","background-type":"","background-media":"","overlay-type":"","overlay-color":"","overlay-opacity":"","overlay-gradient":""},"mobile":{"background-color":"var(--ast-global-color-4)","background-image":"","background-repeat":"repeat","background-position":"center center","background-size":"auto","background-attachment":"scroll","background-type":"","background-media":"","overlay-type":"","overlay-color":"","overlay-opacity":"","overlay-gradient":""}},"footnotes":""},"class_list":["post-248","page","type-page","status-publish","hentry"],"_links":{"self":[{"href":"https:\/\/vincovoyages.com\/en\/wp-json\/wp\/v2\/pages\/248","targetHints":{"allow":["GET"]}}],"collection":[{"href":"https:\/\/vincovoyages.com\/en\/wp-json\/wp\/v2\/pages"}],"about":[{"href":"https:\/\/vincovoyages.com\/en\/wp-json\/wp\/v2\/types\/page"}],"author":[{"embeddable":true,"href":"https:\/\/vincovoyages.com\/en\/wp-json\/wp\/v2\/users\/1"}],"replies":[{"embeddable":true,"href":"https:\/\/vincovoyages.com\/en\/wp-json\/wp\/v2\/comments?post=248"}],"version-history":[{"count":13,"href":"https:\/\/vincovoyages.com\/en\/wp-json\/wp\/v2\/pages\/248\/revisions"}],"predecessor-version":[{"id":598,"href":"https:\/\/vincovoyages.com\/en\/wp-json\/wp\/v2\/pages\/248\/revisions\/598"}],"wp:attachment":[{"href":"https:\/\/vincovoyages.com\/en\/wp-json\/wp\/v2\/media?parent=248"}],"curies":[{"name":"wp","href":"https:\/\/api.w.org\/{rel}","templated":true}]}}